{"id":979,"date":"2020-09-19T09:15:36","date_gmt":"2020-09-19T09:15:36","guid":{"rendered":"https:\/\/v2.thegrilleshack.co.za\/?page_id=979"},"modified":"2023-04-14T16:37:32","modified_gmt":"2023-04-14T14:37:32","slug":"specials","status":"publish","type":"page","link":"https:\/\/thegrilleshack.co.za\/fr\/specials\/","title":{"rendered":"SP\u00c9CIAUX"},"content":{"rendered":"<p>&nbsp;<\/p>\n<h2><strong><span style=\"color: #ff0000;\">SP\u00c9CIAL MARIAGE<\/span><\/strong><\/h2>\n<p>Vous cherchez un lieu de mariage?&nbsp;<\/p>\n<p><a href=\"https:\/\/thegrilleshack.co.za\/wp-content\/uploads\/2023\/04\/wedding-package-second-option-pdf-2.pdf\" target=\"_blank\" rel=\"noopener noreferrer\">Forfait mariage<\/a><\/p>\n<p><strong>Remarque:<\/strong>&nbsp; Mention sp\u00e9ciale et merci \u00e0 Lindi et Fran\u00e7ois et <a href=\"https:\/\/www.instagram.com\/expressionsphoto_sa\/?hl=en\" target=\"_blank\" rel=\"noopener noreferrer\">#expressionsphoto<\/a> qui nous a gracieusement donn\u00e9 la permission d&#039;utiliser quelques-unes de leurs belles photos de mariage.<\/p>\n<p><span style=\"color: #ff0000;\"><strong>PR\u00c9F\u00c9R\u00c9<\/strong><\/span><strong><span style=\"color: #ff0000;\"> PHOTOGRAPHES -<\/span>&nbsp;<\/strong>Selma &amp; Andre de Expressions Photography, num\u00e9ro de contact 0845990902,&nbsp;<a href=\"mailto:info@expressionsphoto.co.za\">info@expressionsphoto.co.za<\/a>,&nbsp;<a href=\"http:\/\/www.expressionsphoto.co.za\/\">www.expressionsphoto.co.za<\/a><\/p>\n<h2><strong><span style=\"color: #ff0000;\">Publication \u00e9lectronique<\/span><\/strong><\/h2>\n<p>Nous sommes pr\u00e9sent\u00e9s dans le magazine We Love Pets de d\u00e9cembre 2021.<\/p>\n<p><a href=\"https:\/\/thegrilleshack.co.za\/wp-content\/uploads\/2021\/12\/pitstop-wlpsa-emag-aug-21.pdf\" target=\"_blank\" rel=\"noopener noreferrer\">PitStop WLPSA eMag 21 ao\u00fbt<\/a><\/p>\n<p>Suivez-les sur <a href=\"https:\/\/www.facebook.com\/WeLovePetsSA\/\" target=\"_blank\" rel=\"noopener noreferrer\">Facebook<\/a> et <a href=\"https:\/\/www.instagram.com\/welovepetssa\/\" target=\"_blank\" rel=\"noopener noreferrer\">Instagram<\/a><\/p>\n<h2><strong><span style=\"color: #ff0000;\">LOGEMENT<\/span><\/strong><\/h2>\n<p>Veuillez envoyer un e-mail \u00e0 notre directeur g\u00e9n\u00e9ral Sanet Collard pour les r\u00e9servations <a href=\"mailto:manager@thegrilleshack.co.za\">manager@thegrilleshack.co.za<\/a>&nbsp;ou utilisez notre <a href=\"https:\/\/thegrilleshack.co.za\/fr\/reservations\/\">onglet de r\u00e9servation<\/a>.<\/p>\n<p>&nbsp;<\/p>\nngg_shortcode_0_placeholder\n<p>&nbsp;<\/p>\n<p>&nbsp;<\/p>","protected":false},"excerpt":{"rendered":"<p>&nbsp; WEDDING SPECIAL Looking for a wedding venue?&nbsp; Wedding Package Note:&nbsp; Special mention and thanks to Lindi and Francois and #expressionsphoto who graciously gave us permission to use a few of their beautiful wedding photos. PREFERRED PHOTOGRAPHERS &#8211;&nbsp;Selma &amp; Andre from Expressions Photography, Contact number 0845990902,&nbsp;info@expressionsphoto.co.za,&nbsp;www.expressionsphoto.co.za E-Publication We are featured in the December 2021 We..<\/p>","protected":false},"author":4,"featured_media":984,"parent":0,"menu_order":0,"comment_status":"closed","ping_status":"closed","template":"","meta":{"ngg_post_thumbnail":0,"footnotes":""},"class_list":["post-979","page","type-page","status-publish","has-post-thumbnail","hentry"],"_links":{"self":[{"href":"https:\/\/thegrilleshack.co.za\/fr\/wp-json\/wp\/v2\/pages\/979","targetHints":{"allow":["GET"]}}],"collection":[{"href":"https:\/\/thegrilleshack.co.za\/fr\/wp-json\/wp\/v2\/pages"}],"about":[{"href":"https:\/\/thegrilleshack.co.za\/fr\/wp-json\/wp\/v2\/types\/page"}],"author":[{"embeddable":true,"href":"https:\/\/thegrilleshack.co.za\/fr\/wp-json\/wp\/v2\/users\/4"}],"replies":[{"embeddable":true,"href":"https:\/\/thegrilleshack.co.za\/fr\/wp-json\/wp\/v2\/comments?post=979"}],"version-history":[{"count":43,"href":"https:\/\/thegrilleshack.co.za\/fr\/wp-json\/wp\/v2\/pages\/979\/revisions"}],"predecessor-version":[{"id":1380,"href":"https:\/\/thegrilleshack.co.za\/fr\/wp-json\/wp\/v2\/pages\/979\/revisions\/1380"}],"wp:featuredmedia":[{"embeddable":true,"href":"https:\/\/thegrilleshack.co.za\/fr\/wp-json\/wp\/v2\/media\/984"}],"wp:attachment":[{"href":"https:\/\/thegrilleshack.co.za\/fr\/wp-json\/wp\/v2\/media?parent=979"}],"curies":[{"name":"wp","href":"https:\/\/api.w.org\/{rel}","templated":true}]}}