{"id":37,"date":"2014-05-30T12:07:17","date_gmt":"2014-05-30T12:07:17","guid":{"rendered":""},"modified":"2021-12-17T12:24:54","modified_gmt":"2021-12-17T10:24:54","slug":"reservations","status":"publish","type":"page","link":"https:\/\/thegrilleshack.co.za\/fr\/reservations\/","title":{"rendered":"R\u00e9servations"},"content":{"rendered":"<h4>&nbsp;<\/h4>\n<h4 style=\"text-align: center;\"><em><span style=\"color: #ff0000;\"><strong>Pitstop Lodge,<\/strong><\/span><\/em><\/h4>\n<h4 style=\"text-align: center;\"><span style=\"color: #ffffff;\"><strong>un lieu o\u00f9 la nature, la nostalgie et le confort cohabitent.<\/strong><\/span><\/h4>\n<p>&nbsp;<\/p>\n<p>Le d\u00e9cor des trois premiers des douze cabines Pitstop Lodge \u00e0 lancer a une ambiance funky. Cela continue le th\u00e8me de l&#039;octane dans ma veine de cette nouvelle destination sur Clarence Drive de renomm\u00e9e mondiale.<\/p>\n<p>Les cabines sont appel\u00e9es effront\u00e9ment Wolseley, Morris et Austin, tandis que certains des meubles r\u00e9tro c\u00e9l\u00e8brent une \u00e9poque r\u00e9volue. L&#039;attention port\u00e9e aux d\u00e9tails ravira \u00e0 coup s\u00fbr les clients les plus exigeants.<\/p>\n<p>Meubl\u00e9es et bien am\u00e9nag\u00e9es au plus haut niveau, nos trois cabines offrent chacune un h\u00e9bergement pour deux dans une suite cabine priv\u00e9e. En suppl\u00e9ment, un canap\u00e9-lit de qualit\u00e9 est disponible pour accueillir un jeune enfant (cinq \u00e0 dix ans), ou deux bambins de moins de cinq ans.<\/p>\n<p>Blottissez-vous devant la chemin\u00e9e int\u00e9rieure ou accroupissez-vous sur votre terrasse priv\u00e9e dans nos chaises Adirondack Strawberry Daiquiri. Incidemment, ces chaises embl\u00e9matiques, con\u00e7ues par Thomas Lee, sont totalement #instaworthy et parfaites pour un ap\u00e9ritif romantique.<\/p>\n<p>Il y a tellement de choses \u00e0 d\u00e9couvrir dans cette r\u00e9gion en utilisant Pitstop Lodge comme base. Impr\u00e9gnez-vous de la vue sur les cha\u00eenes de montagnes spectaculaires, tout en \u00e9tant entour\u00e9 de fynbos immacul\u00e9s. Montez dans les piscines Crystal, le sentier Danie Miller ou explorez le sentier de randonn\u00e9e du jardin botanique Harold Porter. Promenez-vous tranquillement le long de Clarence Drive, \u00e9lue la route des baleines la plus pittoresque au monde. Passez au Lemon &amp; Lime Deli \u00e0 Pringle Bay, suivi de selfies au d\u00e9veloppement du port de Kleinmond, avant de visiter la colonie de pingouins de Stony Point \u00e0 Betty&#039;s Bay. Ou apportez votre planche de surf et apprivoisez une &quot;bombe&quot; au l\u00e9gendaire Kogelbay.<\/p>\n<p>Apr\u00e8s avoir explor\u00e9 la hotte locale, il sera assez stressant de faire un choix entre prendre une douche int\u00e9rieure ou ext\u00e9rieure dans votre cour de jardin priv\u00e9e.&nbsp;<\/p>\n<p>N&#039;oubliez pas de go\u00fbter aux plats signature de notre restaurant The Grille Shack. Notre slogan est: \u00abNourriture Jaunty - Servie avec Sass\u00bb. Les Big Daddy Ribs ou Double Trouble Burger sont d\u00e9finitivement la voie \u00e0 suivre. Nous offrons une exp\u00e9rience culinaire relaxante o\u00f9 vous pourrez vous d\u00e9tendre dans le jardin isol\u00e9 avec une Pitstop Lager, ou pr\u00e9-commander et savourer votre repas sur votre terrasse priv\u00e9e.<\/p>\n<p>Nous accueillons les gourmands, les road-tripeurs, les aventuriers, les randonneurs, les romantiques, les esprits libres, les cyclistes, les surfeurs et les amoureux de la nature. Quelle que soit la raison de votre escapade - Pitstop Lodge est l&#039;endroit o\u00f9 s\u00e9journer!<\/p>\n<a  class=\"pixcode  pixcode--btn  btn\" href=\"https:\/\/book.nightsbridge.com\/30829\" target=\"_blank\">R\u00e9servations<\/a>\n\t<div class=\"empty_column grid__item six-twelfths palm-one-whole\" >\n\t\t\t<\/div>\n\nngg_shortcode_0_placeholder\n<p>&nbsp;<\/p>\n<p>&nbsp;<\/p>\n<p>&nbsp;<\/p>\n<p>&nbsp;<\/p>\n<p>&nbsp;<\/p>","protected":false},"excerpt":{"rendered":"<p>&nbsp; Pitstop Lodge, a Place where Nature, Nostalgia &amp; Comfort Co-Habit. &nbsp; The decor of the first three of twelve Pitstop Lodge Cabins to launch has a funky petrolhead vibe. This continues the octane-in-my-vein theme of this new destination on world-famous Clarence Drive. The cabins are cheekily called Wolseley, Morris and Austin, whilst some of..<\/p>","protected":false},"author":1,"featured_media":809,"parent":0,"menu_order":0,"comment_status":"closed","ping_status":"closed","template":"","meta":{"ngg_post_thumbnail":0,"footnotes":""},"class_list":["post-37","page","type-page","status-publish","has-post-thumbnail","hentry"],"_links":{"self":[{"href":"https:\/\/thegrilleshack.co.za\/fr\/wp-json\/wp\/v2\/pages\/37","targetHints":{"allow":["GET"]}}],"collection":[{"href":"https:\/\/thegrilleshack.co.za\/fr\/wp-json\/wp\/v2\/pages"}],"about":[{"href":"https:\/\/thegrilleshack.co.za\/fr\/wp-json\/wp\/v2\/types\/page"}],"author":[{"embeddable":true,"href":"https:\/\/thegrilleshack.co.za\/fr\/wp-json\/wp\/v2\/users\/1"}],"replies":[{"embeddable":true,"href":"https:\/\/thegrilleshack.co.za\/fr\/wp-json\/wp\/v2\/comments?post=37"}],"version-history":[{"count":46,"href":"https:\/\/thegrilleshack.co.za\/fr\/wp-json\/wp\/v2\/pages\/37\/revisions"}],"predecessor-version":[{"id":1272,"href":"https:\/\/thegrilleshack.co.za\/fr\/wp-json\/wp\/v2\/pages\/37\/revisions\/1272"}],"wp:featuredmedia":[{"embeddable":true,"href":"https:\/\/thegrilleshack.co.za\/fr\/wp-json\/wp\/v2\/media\/809"}],"wp:attachment":[{"href":"https:\/\/thegrilleshack.co.za\/fr\/wp-json\/wp\/v2\/media?parent=37"}],"curies":[{"name":"wp","href":"https:\/\/api.w.org\/{rel}","templated":true}]}}