{"id":69,"date":"2014-05-30T12:39:03","date_gmt":"2014-05-30T12:39:03","guid":{"rendered":""},"modified":"2026-01-28T17:41:57","modified_gmt":"2026-01-28T15:41:57","slug":"menu","status":"publish","type":"page","link":"https:\/\/thegrilleshack.co.za\/de\/menu\/","title":{"rendered":"Speisekarte"},"content":{"rendered":"<div class=\"pixcode  pixcode--grid  grid\" >\n\t\t\t<div class=\"grid__item six-twelfths palm-one-whole\" >\n\t\t\n<p>JAUNTY LEBENSMITTEL MIT SASS. Wir lieben Essen. Basta! Essen ist Leben und das Leben ist kurz. Dies ist eine unserer Hauswahrheiten. Die Grille Shack Kitchen kennt nur einen Gang - Maximum Throttle<\/p>\n\t<\/div>\n\t<div class=\"grid__item six-twelfths palm-one-whole\" >\n\t\t\n<p>Das Team freut sich darauf, unsere typischen Gerichte unter Schnellkochtopfbedingungen zuzubereiten. Jedes Gericht wurde sorgf\u00e4ltig kreiert, um zu reflektieren, wer wir sind und was wir anstreben.<\/p>\n<p>&nbsp;<\/p>\n\t<\/div>\n\t<\/div>\n\n<p>&nbsp;<\/p>\n\t<div class=\"pixcode  pixcode--grid  grid\" >\n\t\t\t<div class=\"grid__item six-twelfths palm-one-whole\" >\n\t\t\n<div class=\"menu-list menu-list__dotted\">\n<h2 class=\"menu-list__title\">Fr\u00fchst\u00fcck<\/h2>\n<hr class=\"separator\"\/>\n<ul class=\"menu-list__items\">\n<li class=\"menu-list__item\">\n<h4 class=\"menu-list__item-title\"><span class=\"item_title\">GRANOLA-GLAS<\/span><span class=\"dots\"><\/span><\/h4>\n<p class=\"menu-list__item-desc\"><span class=\"desc__content\">Doppelrahmjoghurt mit hausgemachtem M\u00fcsli, serviert mit frischem Obst und Honig<\/span><\/p>\n<span class=\"dots\"><\/span><span class=\"menu-list__item-price\">R99<\/span><\/li>\n<li class=\"menu-list__item\">\n<h4 class=\"menu-list__item-title\"><span class=\"item_title\">BUMPER BASHER BR\u00eaKKIE<\/span><span class=\"dots\"><\/span><\/h4>\n<p class=\"menu-list__item-desc\"><span class=\"desc__content\">Zwei Spiegeleier aus Freilandhaltung, zwei Speckscheiben, W\u00fcrstchen aus Schwein oder Rind, Champignons und langsam ger\u00f6stete Tomaten, serviert mit Pommes Frites und Toast<\/span><\/p>\n<span class=\"dots\"><\/span><span class=\"menu-list__item-price\">R69<\/span><\/li>\n<li class=\"menu-list__item\">\n<h4 class=\"menu-list__item-title\"><span class=\"item_title\">Eier Benedikt<\/span><span class=\"dots\"><\/span><\/h4>\n<p class=\"menu-list__item-desc\"><span class=\"desc__content\">Zwei pochierte Freilandeier, knuspriger Speck &amp; hausgemachte Sauce Hollandaise, serviert auf Sauerteigbrot<\/span><\/p>\n<span class=\"dots\"><\/span><span class=\"menu-list__item-price\">R125<\/span><\/li>\n<li class=\"menu-list__item\">\n<h4 class=\"menu-list__item-title\"><span class=\"item_title\">GER\u00d6STETES SAUERTEIG-BR\u00eaKKIE<\/span><span class=\"dots\"><\/span><\/h4>\n<p class=\"menu-list__item-desc\"><span class=\"desc__content\">Ger\u00f6stetes Sauerteigbrot belegt mit R\u00fchrei, drei Scheiben knusprigem Bacon &amp; frischer Avocado (Bacon R125 bremsen)<\/span><\/p>\n<span class=\"dots\"><\/span><span class=\"menu-list__item-price\">R139<\/span><\/li>\n<li class=\"menu-list__item\">\n<div class=\"menu-list__item-highlight-wrapper\">\n<span class=\"menu-list__item-highlight-title\">Ber\u00fchmt<\/span>\n<h4 class=\"menu-list__item-title\"><span class=\"item_title\">GRILL SHACK \u201ePAD-VARK\u201c PFANNE<\/span><span class=\"dots\"><\/span><\/h4>\n<p class=\"menu-list__item-desc\"><span class=\"desc__content\">Zwei Spiegeleier aus Freilandhaltung, Champignons, gegrillte Tomate, Maisfladen, Burgerpatty mit Bacon und reifem Cheddar, Schweine- oder Rindswurst und Toast<\/span><\/p>\n<span class=\"dots\"><\/span><span class=\"menu-list__item-price\">R229<\/span><\/div>\n<\/li>\n<li class=\"menu-list__item\">\n<div class=\"menu-list__item-highlight-wrapper\">\n<span class=\"menu-list__item-highlight-title\">Ber\u00fchmt<\/span>\n<h4 class=\"menu-list__item-title\"><span class=\"item_title\">DAS M\u00c4CHTIGE FEINE FRENCHIE<\/span><span class=\"dots\"><\/span><\/h4>\n<p class=\"menu-list__item-desc\"><span class=\"desc__content\">Egg dipped bread fried to golden perfection, served with three rashers of bacon, grated cheese &amp; maple infused syrup (Put the brakes on bacon R135)<\/span><\/p>\n<span class=\"dots\"><\/span><span class=\"menu-list__item-price\">R145<\/span><\/div>\n<\/li>\n<li class=\"menu-list__item\">\n<h4 class=\"menu-list__item-title\"><span class=\"item_title\">16-WHEELER CRUMPETS<\/span><span class=\"dots\"><\/span><\/h4>\n<p class=\"menu-list__item-desc\"><span class=\"desc__content\">Trucker style American crumpets - robust, rustic and hearty. Served warm with a dollop of mascarpone cheese and crispy bacon. A sidecar with seasonal compote and maple syrup and honey. (Put the brakes on bacon R135)<\/span><\/p>\n<span class=\"dots\"><\/span><span class=\"menu-list__item-price\">R145<\/span><\/li>\n<li class=\"menu-list__item\">\n<h4 class=\"menu-list__item-title\"><span class=\"item_title\">BABALAS BURGER MIT SHOESTRING CHIPS<\/span><span class=\"dots\"><\/span><\/h4>\n<p class=\"menu-list__item-desc\"><span class=\"desc__content\">150 g Beef Patty, zwei Scheiben Speck, reifer Cheddar-K\u00e4se, belegt mit einem Freilandei auf einem hausgemachten Br\u00f6tchen<\/span><\/p>\n<span class=\"dots\"><\/span><span class=\"menu-list__item-price\">R190<\/span><\/li>\n<li class=\"menu-list__item\">\n<h4 class=\"menu-list__item-title\"><span class=\"item_title\"> Herzhaftes Waffel-Brekkie<\/span><span class=\"dots\"><\/span><\/h4>\n<p class=\"menu-list__item-desc\"><span class=\"desc__content\"> Chorizo, Kirschtomaten, Fr\u00fchlingszwiebeln, Champignons und Feta-Crumble, serviert auf einer herzhaften Waffel &amp; garniert mit einem Freilandei, nach Belieben gebraten &amp; Chippies<\/span><\/p>\n<span class=\"dots\"><\/span><span class=\"menu-list__item-price\">R159<\/span><\/li>\n<\/ul>\n<\/div>\n\n\t<\/div>\n\t<div class=\"grid__item six-twelfths palm-one-whole\" >\n\t\t\n<div class=\"menu-list menu-list__dotted\">\n<h2 class=\"menu-list__title\">Kleine Teller<\/h2>\n<hr class=\"separator\"\/>\n<ul class=\"menu-list__items\">\n<li class=\"menu-list__item\">\n<h4 class=\"menu-list__item-title\"><span class=\"item_title\"> BBQ BUFFALO WINGS HOT \/ Or NOT (7)<\/span><span class=\"dots\"><\/span><\/h4>\n<p class=\"menu-list__item-desc\"><span class=\"desc__content\"> Mit Amasi-Ranch-Dressing<\/span><\/p>\n<span class=\"dots\"><\/span><span class=\"menu-list__item-price\">R105<\/span><\/li>\n<li class=\"menu-list__item\">\n<h4 class=\"menu-list__item-title\"><span class=\"item_title\"> JALAPE\u00d1O POPPERS<\/span><span class=\"dots\"><\/span><\/h4>\n<p class=\"menu-list__item-desc\"><span class=\"desc__content\"> Mit Amasi-Ranch-Dressing<\/span><\/p>\n<span class=\"dots\"><\/span><span class=\"menu-list__item-price\">R105<\/span><\/li>\n<li class=\"menu-list__item\">\n<div class=\"menu-list__item-highlight-wrapper\">\n<span class=\"menu-list__item-highlight-title\">Ber\u00fchmt<\/span>\n<h4 class=\"menu-list__item-title\"><span class=\"item_title\"> KASKAR NACHOS (KLEINE PORTION)<\/span><span class=\"dots\"><\/span><\/h4>\n<p class=\"menu-list__item-desc\"><span class=\"desc__content\"> W\u00fcrzige Maischips, K\u00e4sesauce, reifer Cheddar, Salsa, Guacamole, Pico de Gallo, eingelegte Jalape\u00f1os &amp; Sauerrahm mit Schnittlauch<\/span><\/p>\n<span class=\"dots\"><\/span><span class=\"menu-list__item-price\">R119<\/span><\/div>\n<\/li>\n<li class=\"menu-list__item\">\n<h4 class=\"menu-list__item-title\"><span class=\"item_title\"> ZWEI HAUSGEMACHTE CORNDOGS<\/span><span class=\"dots\"><\/span><\/h4>\n<p class=\"menu-list__item-desc\"><span class=\"desc__content\"> Mit Chipotle-Salsa<\/span><\/p>\n<span class=\"dots\"><\/span><span class=\"menu-list__item-price\">R105<\/span><\/li>\n<li class=\"menu-list__item\">\n<h4 class=\"menu-list__item-title\"><span class=\"item_title\"> SALZ &amp; PFEFFER STARTER CALAMARI 125G<\/span><span class=\"dots\"><\/span><\/h4>\n<p class=\"menu-list__item-desc\"><span class=\"desc__content\"> Mit hausgemachter Remoulade &amp; Dressed Slaw<\/span><\/p>\n<span class=\"dots\"><\/span><span class=\"menu-list__item-price\">R105<\/span><\/li>\n<li class=\"menu-list__item\">\n<div class=\"menu-list__item-highlight-wrapper\">\n<span class=\"menu-list__item-highlight-title\">Ber\u00fchmt<\/span>\n<h4 class=\"menu-list__item-title\"><span class=\"item_title\"> CAJUN GEBRATENE BL\u00dcHENDE ZWIEBEL<\/span><span class=\"dots\"><\/span><\/h4>\n<span class=\"dots\"><\/span><span class=\"menu-list__item-price\">R85<\/span><\/div>\n<\/li>\n<li class=\"menu-list__item\">\n<h4 class=\"menu-list__item-title\"><span class=\"item_title\"> BAIJA BAIJA LEKKER PAN<\/span><span class=\"dots\"><\/span><\/h4>\n<p class=\"menu-list__item-desc\"><span class=\"desc__content\">A feast-for-one \u2014 two mini cheesegriller corn dogs, two crispy chicken strips, 125gr calamari, and shoestring chips<\/span><\/p>\n<span class=\"dots\"><\/span><span class=\"menu-list__item-price\">R125<\/span><\/li>\n<\/ul>\n<\/div>\n\n\t<\/div>\n\t<\/div>\n\n<div class=\"pixcode  pixcode--separator  separator separator--flower\">&#10043;<\/div>\n\n<p>&nbsp;<\/p>","protected":false},"excerpt":{"rendered":"<p>&nbsp; &nbsp;<\/p>","protected":false},"author":1,"featured_media":1347,"parent":0,"menu_order":0,"comment_status":"closed","ping_status":"closed","template":"","meta":{"ngg_post_thumbnail":0,"footnotes":""},"class_list":["post-69","page","type-page","status-publish","has-post-thumbnail","hentry"],"_links":{"self":[{"href":"https:\/\/thegrilleshack.co.za\/de\/wp-json\/wp\/v2\/pages\/69","targetHints":{"allow":["GET"]}}],"collection":[{"href":"https:\/\/thegrilleshack.co.za\/de\/wp-json\/wp\/v2\/pages"}],"about":[{"href":"https:\/\/thegrilleshack.co.za\/de\/wp-json\/wp\/v2\/types\/page"}],"author":[{"embeddable":true,"href":"https:\/\/thegrilleshack.co.za\/de\/wp-json\/wp\/v2\/users\/1"}],"replies":[{"embeddable":true,"href":"https:\/\/thegrilleshack.co.za\/de\/wp-json\/wp\/v2\/comments?post=69"}],"version-history":[{"count":35,"href":"https:\/\/thegrilleshack.co.za\/de\/wp-json\/wp\/v2\/pages\/69\/revisions"}],"predecessor-version":[{"id":1416,"href":"https:\/\/thegrilleshack.co.za\/de\/wp-json\/wp\/v2\/pages\/69\/revisions\/1416"}],"wp:featuredmedia":[{"embeddable":true,"href":"https:\/\/thegrilleshack.co.za\/de\/wp-json\/wp\/v2\/media\/1347"}],"wp:attachment":[{"href":"https:\/\/thegrilleshack.co.za\/de\/wp-json\/wp\/v2\/media?parent=69"}],"curies":[{"name":"wp","href":"https:\/\/api.w.org\/{rel}","templated":true}]}}