{"id":575,"date":"2014-05-30T08:42:12","date_gmt":"2014-05-30T08:42:12","guid":{"rendered":""},"modified":"2020-10-20T13:39:45","modified_gmt":"2020-10-20T11:39:45","slug":"frontpage","status":"publish","type":"page","link":"https:\/\/thegrilleshack.co.za\/de\/","title":{"rendered":"Startseite"},"content":{"rendered":"<div class=\"pixcode  pixcode--grid  grid\" >\n\t\t\t<div class=\"island grid__item six-twelfths palm-one-whole\" >\n\t\t\n<p style=\"text-align: center;\"><hgroup class=\"pixcode  pixcode--heading article__headline\">\n\t<h2 class=\"headline__secondary\"><span class=\"first-letter\">D.<\/span>iscover<\/h2>\n\t<h1 class=\"headline__primary\">Unsere Geschichte<\/h1>\n<\/hgroup>\n<p style=\"text-align: center;\"><div class=\"pixcode  pixcode--separator  separator separator--flower separator_color--color\">&#10043;<\/div>\n\n<p style=\"text-align: center;\">Das Hotel liegt an der sch\u00f6nsten Route der Welt <a href=\"https:\/\/goo.gl\/maps\/xpo98vfCToF2Hgam9\">Die Grille Shack @ PitStop Lodge liegt 5 Kilometer von der malerischen Gordon&#039;s Bay entfernt<\/a><span style=\"color: #ff0000;\">.<\/span>&nbsp; Verankert in statuenhaften Blue Gums und eingebettet zwischen dramatischen Klippen, sind wir weit vom Netz entfernt und befinden uns dennoch im Herzen von Kapstadt. Das Grille Shack ist ein vom Pump Diner inspiriertes Restaurant aus den 1950er Jahren mit einem s\u00fcdafrikanischen Touch. Wir begr\u00fc\u00dfen Benzink\u00f6pfe, Stra\u00dfenfahrer, Familien, Abenteurer, Wanderer, Einheimische, Freigeister, Radfahrer, Touristen und gut erzogene Haustiere.<\/p>\n<p style=\"text-align: center;\"><a  class=\"pixcode  pixcode--btn  btn  btn--text\" href=\"\/de\/reservations\/\" >\u00dcber uns<\/a>\n\t<\/div>\n\t<div class=\"grid__item six-twelfths palm-one-whole\" >\n\t\t\n\n\t\t<style type='text\/css'>\n\t\t\t#gallery-0 {\n\t\t\t\tmargin: auto;\n\t\t\t}\n\t\t\t#gallery-0 .gallery-item {\n\t\t\t\tfloat: left;\n\t\t\t\ttext-align: center;\n\t\t\t\twidth: 100%;\n\t\t\t}\n\t\t\t\/* see gallery_shortcode() in wp-includes\/media.php *\/\n\t\t<\/style>\n\t\t<div id='gallery-0' class='gallery galleryid-575 gallery-columns-1 gallery-size-large'><figure class='gallery-item'>\n\t\t\t<div class='gallery-icon landscape'>\n\t\t\t\t<img loading=\"lazy\" decoding=\"async\" width=\"960\" height=\"640\" src=\"https:\/\/thegrilleshack.co.za\/wp-content\/uploads\/2020\/07\/tgs_initialshoot_sml-11-1024x683.jpg\" class=\"attachment-large size-large\" alt=\"\" srcset=\"https:\/\/thegrilleshack.co.za\/wp-content\/uploads\/2020\/07\/tgs_initialshoot_sml-11-1024x683.jpg 1024w, https:\/\/thegrilleshack.co.za\/wp-content\/uploads\/2020\/07\/tgs_initialshoot_sml-11-300x200.jpg 300w, https:\/\/thegrilleshack.co.za\/wp-content\/uploads\/2020\/07\/tgs_initialshoot_sml-11-768x512.jpg 768w, https:\/\/thegrilleshack.co.za\/wp-content\/uploads\/2020\/07\/tgs_initialshoot_sml-11-1536x1024.jpg 1536w, https:\/\/thegrilleshack.co.za\/wp-content\/uploads\/2020\/07\/tgs_initialshoot_sml-11-2048x1365.jpg 2048w, https:\/\/thegrilleshack.co.za\/wp-content\/uploads\/2020\/07\/tgs_initialshoot_sml-11-1200x800.jpg 1200w, https:\/\/thegrilleshack.co.za\/wp-content\/uploads\/2020\/07\/tgs_initialshoot_sml-11-900x600.jpg 900w, https:\/\/thegrilleshack.co.za\/wp-content\/uploads\/2020\/07\/tgs_initialshoot_sml-11-400x267.jpg 400w, https:\/\/thegrilleshack.co.za\/wp-content\/uploads\/2020\/07\/tgs_initialshoot_sml-11-600x400.jpg 600w, https:\/\/thegrilleshack.co.za\/wp-content\/uploads\/2020\/07\/tgs_initialshoot_sml-11-e1600519117829.jpg 840w\" sizes=\"auto, (max-width: 960px) 100vw, 960px\" \/>\n\t\t\t<\/div><\/figure>\n\t\t<\/div>\n\n\t<\/div>\n\t<\/div>\n\n<p>&nbsp;<\/p>","protected":false},"excerpt":{"rendered":"<p>&nbsp;<\/p>","protected":false},"author":1,"featured_media":1106,"parent":0,"menu_order":0,"comment_status":"closed","ping_status":"closed","template":"","meta":{"ngg_post_thumbnail":0,"footnotes":""},"class_list":["post-575","page","type-page","status-publish","has-post-thumbnail","hentry"],"_links":{"self":[{"href":"https:\/\/thegrilleshack.co.za\/de\/wp-json\/wp\/v2\/pages\/575","targetHints":{"allow":["GET"]}}],"collection":[{"href":"https:\/\/thegrilleshack.co.za\/de\/wp-json\/wp\/v2\/pages"}],"about":[{"href":"https:\/\/thegrilleshack.co.za\/de\/wp-json\/wp\/v2\/types\/page"}],"author":[{"embeddable":true,"href":"https:\/\/thegrilleshack.co.za\/de\/wp-json\/wp\/v2\/users\/1"}],"replies":[{"embeddable":true,"href":"https:\/\/thegrilleshack.co.za\/de\/wp-json\/wp\/v2\/comments?post=575"}],"version-history":[{"count":12,"href":"https:\/\/thegrilleshack.co.za\/de\/wp-json\/wp\/v2\/pages\/575\/revisions"}],"predecessor-version":[{"id":1153,"href":"https:\/\/thegrilleshack.co.za\/de\/wp-json\/wp\/v2\/pages\/575\/revisions\/1153"}],"wp:featuredmedia":[{"embeddable":true,"href":"https:\/\/thegrilleshack.co.za\/de\/wp-json\/wp\/v2\/media\/1106"}],"wp:attachment":[{"href":"https:\/\/thegrilleshack.co.za\/de\/wp-json\/wp\/v2\/media?parent=575"}],"curies":[{"name":"wp","href":"https:\/\/api.w.org\/{rel}","templated":true}]}}