{"id":37,"date":"2014-05-30T12:07:17","date_gmt":"2014-05-30T12:07:17","guid":{"rendered":""},"modified":"2021-12-17T12:24:54","modified_gmt":"2021-12-17T10:24:54","slug":"reservations","status":"publish","type":"page","link":"https:\/\/thegrilleshack.co.za\/de\/reservations\/","title":{"rendered":"Reservierungen"},"content":{"rendered":"<h4>&nbsp;<\/h4>\n<h4 style=\"text-align: center;\"><em><span style=\"color: #ff0000;\"><strong>Pitstop Lodge,<\/strong><\/span><\/em><\/h4>\n<h4 style=\"text-align: center;\"><span style=\"color: #ffffff;\"><strong>Ein Ort, an dem Natur, Nostalgie und Komfort zusammenleben.<\/strong><\/span><\/h4>\n<p>&nbsp;<\/p>\n<p>Das Dekor der ersten drei von zw\u00f6lf Pitstop Lodge-Kabinen, die auf den Markt kommen, hat eine funkige Benzinkopf-Atmosph\u00e4re. Dies setzt das Octane-in-my-Vene-Thema dieses neuen Ziels auf dem weltber\u00fchmten Clarence Drive fort.<\/p>\n<p>Die H\u00fctten hei\u00dfen frech Wolseley, Morris und Austin, w\u00e4hrend einige der Retro-M\u00f6bel eine vergangene \u00c4ra feiern. Die Liebe zum Detail wird den anspruchsvollsten Gast begeistern.<\/p>\n<p>Unsere drei Kabinen sind m\u00f6bliert und auf h\u00f6chstem Niveau gut ausgestattet und bieten jeweils Platz f\u00fcr zwei Personen in einer privaten Kabinensuite. Als Extra steht eine hochwertige Schlafcouch f\u00fcr ein kleines Kind (f\u00fcnf bis zehn Jahre) oder zwei Kleinkinder unter f\u00fcnf Jahren zur Verf\u00fcgung.<\/p>\n<p>Kuscheln Sie sich am Innenkamin oder hocken Sie sich in unseren charakteristischen Erdbeer-Daiquiri-Adirondack-St\u00fchlen auf Ihr privates Deck. \u00dcbrigens sind diese ikonischen St\u00fchle, die von Thomas Lee entworfen wurden, absolut #instaworthy und perfekt f\u00fcr einen romantischen Sundowner.<\/p>\n<p>Mit der Pitstop Lodge als Basis gibt es in dieser Gegend so viel zu entdecken. Genie\u00dfen Sie die Aussicht auf dramatische Bergketten, w\u00e4hrend Sie von unber\u00fchrtem Fynbos umgeben sind. Wandern Sie hinauf zu Crystal Pools, dem Danie Miller Trail oder erkunden Sie den Wanderweg Harold Porter Botanical Gardens. Machen Sie eine gem\u00fctliche Fahrt entlang des Clarence Drive, der zur landschaftlich sch\u00f6nsten Walroute der Welt gew\u00e4hlt wurde. Besuchen Sie das Lemon &amp; Lime Deli in Pringle Bay, machen Sie anschlie\u00dfend Selfies im Kleinmond Harbour Development, bevor Sie die Stony Point Penguin Colony in Betty&#039;s Bay besuchen. Oder bringen Sie Ihr Surfbrett mit und z\u00e4hmen Sie eine \u201eBombe\u201c in der legend\u00e4ren Kogelbay.<\/p>\n<p>Nachdem Sie die Gegend erkundet haben, wird es ziemlich stressig, sich zwischen einer Innen- oder einer Au\u00dfendusche in Ihrem privaten Gartenhof zu entscheiden.&nbsp;<\/p>\n<p>Vergessen Sie nicht, die typischen Gerichte unseres hauseigenen Restaurants The Grille Shack zu probieren. Unser Motto lautet: \u201eLeckeres Essen - serviert mit Sass\u201c. Die Big Daddy Ribs oder Double Trouble Burger sind definitiv der richtige Weg. Wir bieten ein entspannendes kulinarisches Erlebnis, bei dem Sie mit einem Pitstop Lager im abgelegenen Garten faulenzen oder Ihre Mahlzeit auf Ihrem privaten Deck vorbestellen und genie\u00dfen k\u00f6nnen.<\/p>\n<p>Wir begr\u00fc\u00dfen Benzink\u00f6pfe, Stra\u00dfenfahrer, Abenteurer, Wanderer, Romantiker, Freigeister, Radfahrer, Surfer und Naturliebhaber. Was auch immer Ihr Grund f\u00fcr einen Kurzurlaub ist - die Pitstop Lodge ist der richtige Ort f\u00fcr Sie!<\/p>\n<a  class=\"pixcode  pixcode--btn  btn\" href=\"https:\/\/book.nightsbridge.com\/30829\" target=\"_blank\">Buchungen<\/a>\n\t<div class=\"empty_column grid__item six-twelfths palm-one-whole\" >\n\t\t\t<\/div>\n\nngg_shortcode_0_placeholder\n<p>&nbsp;<\/p>\n<p>&nbsp;<\/p>\n<p>&nbsp;<\/p>\n<p>&nbsp;<\/p>\n<p>&nbsp;<\/p>","protected":false},"excerpt":{"rendered":"<p>&nbsp; Pitstop Lodge, a Place where Nature, Nostalgia &amp; Comfort Co-Habit. &nbsp; The decor of the first three of twelve Pitstop Lodge Cabins to launch has a funky petrolhead vibe. This continues the octane-in-my-vein theme of this new destination on world-famous Clarence Drive. The cabins are cheekily called Wolseley, Morris and Austin, whilst some of..<\/p>","protected":false},"author":1,"featured_media":809,"parent":0,"menu_order":0,"comment_status":"closed","ping_status":"closed","template":"","meta":{"ngg_post_thumbnail":0,"footnotes":""},"class_list":["post-37","page","type-page","status-publish","has-post-thumbnail","hentry"],"_links":{"self":[{"href":"https:\/\/thegrilleshack.co.za\/de\/wp-json\/wp\/v2\/pages\/37","targetHints":{"allow":["GET"]}}],"collection":[{"href":"https:\/\/thegrilleshack.co.za\/de\/wp-json\/wp\/v2\/pages"}],"about":[{"href":"https:\/\/thegrilleshack.co.za\/de\/wp-json\/wp\/v2\/types\/page"}],"author":[{"embeddable":true,"href":"https:\/\/thegrilleshack.co.za\/de\/wp-json\/wp\/v2\/users\/1"}],"replies":[{"embeddable":true,"href":"https:\/\/thegrilleshack.co.za\/de\/wp-json\/wp\/v2\/comments?post=37"}],"version-history":[{"count":46,"href":"https:\/\/thegrilleshack.co.za\/de\/wp-json\/wp\/v2\/pages\/37\/revisions"}],"predecessor-version":[{"id":1272,"href":"https:\/\/thegrilleshack.co.za\/de\/wp-json\/wp\/v2\/pages\/37\/revisions\/1272"}],"wp:featuredmedia":[{"embeddable":true,"href":"https:\/\/thegrilleshack.co.za\/de\/wp-json\/wp\/v2\/media\/809"}],"wp:attachment":[{"href":"https:\/\/thegrilleshack.co.za\/de\/wp-json\/wp\/v2\/media?parent=37"}],"curies":[{"name":"wp","href":"https:\/\/api.w.org\/{rel}","templated":true}]}}